{"id":323,"date":"2024-08-08T10:55:37","date_gmt":"2024-08-08T13:55:37","guid":{"rendered":"https:\/\/granvallenegocios.com.ar\/?page_id=323"},"modified":"2025-01-30T12:07:56","modified_gmt":"2025-01-30T15:07:56","slug":"quienes-somos","status":"publish","type":"page","link":"https:\/\/granvallenegocios.com.ar\/en\/quienes-somos\/","title":{"rendered":"Qui\u00e9nes somos"},"content":{"rendered":"\n<div class=\"wp-block-columns is-layout-flex wp-container-core-columns-is-layout-9d6595d7 wp-block-columns-is-layout-flex\">\n<div class=\"wp-block-column is-layout-flow wp-block-column-is-layout-flow\">\n<p>En Gran Valle Negocios desarrollamos espacios que transforman el entorno y la vida de las personas. Creemos en la creatividad, la innovaci\u00f3n y el trabajo en equipo como pilares para construir no solo proyectos, sino tambi\u00e9n el futuro de nuestra regi\u00f3n.<\/p>\n<\/div>\n<\/div>\n\n\n\n<div class=\"wp-block-columns is-layout-flex wp-container-core-columns-is-layout-9d6595d7 wp-block-columns-is-layout-flex\">\n<div class=\"wp-block-column is-layout-flow wp-block-column-is-layout-flow\">\n<h3 class=\"wp-block-heading\">\u201cDesaf\u00edos, innovaci\u00f3n, pasi\u00f3n\u2026 parecen frases hechas, pero en Gran Valle Negocios son el motor de nuestro d\u00eda a d\u00eda. \u201d<\/h3>\n<\/div>\n<\/div>\n\n\n\n<p><\/p>\n\n\n\n<p><\/p>\n","protected":false},"excerpt":{"rendered":"<p>En Gran Valle Negocios desarrollamos espacios que transforman el entorno y la vida de las personas. Creemos en la creatividad, la innovaci\u00f3n y el trabajo en equipo como pilares para construir no solo proyectos, sino tambi\u00e9n el futuro de nuestra regi\u00f3n. \u201cDesaf\u00edos, innovaci\u00f3n, pasi\u00f3n\u2026 parecen frases hechas, pero en Gran Valle Negocios son el motor [&hellip;]<\/p>\n","protected":false},"author":1,"featured_media":0,"parent":0,"menu_order":0,"comment_status":"closed","ping_status":"closed","template":"pages\/page-estandar.php","meta":{"_acf_changed":false,"inline_featured_image":false,"footnotes":""},"class_list":["post-323","page","type-page","status-publish","hentry"],"acf":[],"_links":{"self":[{"href":"https:\/\/granvallenegocios.com.ar\/en\/wp-json\/wp\/v2\/pages\/323","targetHints":{"allow":["GET"]}}],"collection":[{"href":"https:\/\/granvallenegocios.com.ar\/en\/wp-json\/wp\/v2\/pages"}],"about":[{"href":"https:\/\/granvallenegocios.com.ar\/en\/wp-json\/wp\/v2\/types\/page"}],"author":[{"embeddable":true,"href":"https:\/\/granvallenegocios.com.ar\/en\/wp-json\/wp\/v2\/users\/1"}],"replies":[{"embeddable":true,"href":"https:\/\/granvallenegocios.com.ar\/en\/wp-json\/wp\/v2\/comments?post=323"}],"version-history":[{"count":49,"href":"https:\/\/granvallenegocios.com.ar\/en\/wp-json\/wp\/v2\/pages\/323\/revisions"}],"predecessor-version":[{"id":742,"href":"https:\/\/granvallenegocios.com.ar\/en\/wp-json\/wp\/v2\/pages\/323\/revisions\/742"}],"wp:attachment":[{"href":"https:\/\/granvallenegocios.com.ar\/en\/wp-json\/wp\/v2\/media?parent=323"}],"curies":[{"name":"wp","href":"https:\/\/api.w.org\/{rel}","templated":true}]}}